{"id":1880,"date":"2018-09-20T13:57:27","date_gmt":"2018-09-20T17:57:27","guid":{"rendered":"http:\/\/annieclaude.bigtek.org\/?page_id=1880"},"modified":"2021-11-10T10:40:38","modified_gmt":"2021-11-10T15:40:38","slug":"jean-pierre-viau-design","status":"publish","type":"page","link":"https:\/\/www.jpvdesign.com\/","title":{"rendered":"accueil"},"content":{"rendered":"<p>[vc_row row_style=\u00a0\u00bbfull-width\u00a0\u00bb padding_size=\u00a0\u00bbno-padding\u00a0\u00bb content_width=\u00a0\u00bb\u00a0\u00bb][vc_column text_align=\u00a0\u00bbcenter\u00a0\u00bb][rev_slider_vc][vc_empty_space height=\u00a0\u00bb80px\u00a0\u00bb][vc_custom_heading text=\u00a0\u00bbNos services\u00a0\u00bb font_container=\u00a0\u00bbtag:h2|font_size:32px|text_align:center|color:%23333333|line_height:44px\u00a0\u00bb google_fonts=\u00a0\u00bbfont_family:Montserrat%3Aregular%2C700|font_style:700%20bold%20regular%3A700%3Anormal\u00a0\u00bb][wyde_icon_block icon=\u00a0\u00bbflora-icon-wave\u00a0\u00bb size=\u00a0\u00bblarge\u00a0\u00bb style=\u00a0\u00bbnone\u00a0\u00bb color=\u00a0\u00bb#7f6c4c\u00a0\u00bb][vc_empty_space height=\u00a0\u00bb80px\u00a0\u00bb][\/vc_column][\/vc_row][vc_row background_color=\u00a0\u00bb#f5f5f5&Prime; el_class=\u00a0\u00bbdivider-3-cols\u00a0\u00bb][vc_column width=\u00a0\u00bb1\/3&Prime;][vc_empty_space height=\u00a0\u00bb20px\u00a0\u00bb][wyde_info_box title=\u00a0\u00bbRestaurants \/ Bars\u00a0\u00bb icon_set=\u00a0\u00bbfontawesome\u00a0\u00bb icon_fontawesome=\u00a0\u00bbfa fa-cutlery\u00a0\u00bb icon_size=\u00a0\u00bblarge\u00a0\u00bb color=\u00a0\u00bb#000000&Prime; link=\u00a0\u00bb||\u00a0\u00bb css=\u00a0\u00bb.vc_custom_1537812315725{margin-right: 5% !important;margin-left: 5% !important;}\u00a0\u00bb]L\u00e0 o\u00f9 la concurrence est forte, le design d\u2019int\u00e9rieur est essentiel pour les restaurateurs, afin de distinguer leur restaurant et offrir une exp\u00e9rience client m\u00e9morable.[\/wyde_info_box][\/vc_column][vc_column width=\u00a0\u00bb1\/3&Prime;][vc_empty_space height=\u00a0\u00bb20px\u00a0\u00bb][wyde_info_box title=\u00a0\u00bbH\u00f4tels\u00a0\u00bb icon_set=\u00a0\u00bbfontawesome\u00a0\u00bb icon_fontawesome=\u00a0\u00bbfa fa-glass\u00a0\u00bb icon_size=\u00a0\u00bblarge\u00a0\u00bb color=\u00a0\u00bb#000000&Prime; link=\u00a0\u00bb||\u00a0\u00bb css=\u00a0\u00bb.vc_custom_1537812331111{margin-right: 5% !important;margin-left: 5% !important;}\u00a0\u00bb]Ax\u00e9 sur le confort, le design doit contribuer \u00e0 une signature propre \u00e0 chaque cha\u00eene, dans le but de proposer une exp\u00e9rience unique au client.[\/wyde_info_box][\/vc_column][vc_column width=\u00a0\u00bb1\/3&Prime;][vc_empty_space height=\u00a0\u00bb20px\u00a0\u00bb][wyde_info_box title=\u00a0\u00bbBoutiques\u00a0\u00bb icon_set=\u00a0\u00bbfontawesome\u00a0\u00bb icon_fontawesome=\u00a0\u00bbfa fa-shopping-cart\u00a0\u00bb icon_size=\u00a0\u00bblarge\u00a0\u00bb color=\u00a0\u00bb#000000&Prime; link=\u00a0\u00bb||\u00a0\u00bb css=\u00a0\u00bb.vc_custom_1537812352409{margin-right: 5% !important;margin-left: 5% !important;}\u00a0\u00bb]Design qui se d\u00e9marque, en lien avec l\u2019image de l\u2019entreprise, qui doit \u00eatre abord\u00e9e selon l\u2019aspect physiologique et psychologique du client cible.[\/wyde_info_box][\/vc_column][vc_column width=\u00a0\u00bb1\/3&Prime;][vc_empty_space height=\u00a0\u00bb20px\u00a0\u00bb][wyde_info_box title=\u00a0\u00bbBureaux\u00a0\u00bb icon_set=\u00a0\u00bbfontawesome\u00a0\u00bb icon_fontawesome=\u00a0\u00bbfa fa-suitcase\u00a0\u00bb icon_size=\u00a0\u00bblarge\u00a0\u00bb color=\u00a0\u00bb#000000&Prime; link=\u00a0\u00bb||\u00a0\u00bb css=\u00a0\u00bb.vc_custom_1636396419458{margin-right: 5% !important;margin-left: 5% !important;}\u00a0\u00bb]Le design corporatif est n\u00e9cessaire et doit r\u00e9pondre aux diff\u00e9rentes personnes qui visiterons les lieux. Ergonomie et fonctionnalit\u00e9 pour les employ\u00e9s, image de marque transpos\u00e9e dans les lieux pour les propri\u00e9taires et clients, design efficace pour augmenter la productivit\u00e9.[\/wyde_info_box][\/vc_column][vc_column width=\u00a0\u00bb1\/3&Prime;][vc_empty_space height=\u00a0\u00bb20px\u00a0\u00bb][wyde_info_box title=\u00a0\u00bbR\u00e9sidences\u00a0\u00bb icon_set=\u00a0\u00bbfontawesome\u00a0\u00bb icon_fontawesome=\u00a0\u00bbfa fa-home\u00a0\u00bb icon_size=\u00a0\u00bblarge\u00a0\u00bb color=\u00a0\u00bb#000000&Prime; link=\u00a0\u00bb||\u00a0\u00bb css=\u00a0\u00bb.vc_custom_1537812385300{margin-right: 5% !important;margin-left: 5% !important;}\u00a0\u00bb]Ax\u00e9 sur les besoins des propri\u00e9taires, le design de r\u00e9sidence est orient\u00e9 vers une approche humaine et fonctionnelle. Nous ajoutons souvent une touche commercial dans nos environnements r\u00e9sidentiels pour ajouter \u00e0 l\u2019exp\u00e9rience client.[\/wyde_info_box][\/vc_column][vc_column width=\u00a0\u00bb1\/3&Prime;][vc_empty_space height=\u00a0\u00bb20px\u00a0\u00bb][wyde_info_box title=\u00a0\u00bbsant\u00e9 &amp; bien-\u00eatre\u00a0\u00bb icon_set=\u00a0\u00bbfontawesome\u00a0\u00bb icon_fontawesome=\u00a0\u00bbfa fa-street-view\u00a0\u00bb icon_size=\u00a0\u00bblarge\u00a0\u00bb color=\u00a0\u00bb#000000&Prime; link=\u00a0\u00bb||\u00a0\u00bb css=\u00a0\u00bb.vc_custom_1537812397080{margin-right: 5% !important;margin-left: 5% !important;}\u00a0\u00bb]Design d\u2019int\u00e9rieur ax\u00e9 sur le bien-\u00eatre et la d\u00e9tente. Toutes les zones doivent \u00eatre \u00e9tudi\u00e9es en profondeur afin d\u2019obtenir un environnement favorisant le confort et la relaxation.[\/wyde_info_box][\/vc_column][\/vc_row][vc_row row_style=\u00a0\u00bbfull-width\u00a0\u00bb padding_size=\u00a0\u00bbm-padding\u00a0\u00bb css=\u00a0\u00bb.vc_custom_1434604236384{padding-bottom: 0px !important;}\u00a0\u00bb][vc_column text_align=\u00a0\u00bbcenter\u00a0\u00bb][vc_empty_space height=\u00a0\u00bb80px\u00a0\u00bb][vc_custom_heading text=\u00a0\u00bbNos derni\u00e8res r\u00e9alisations\u00a0\u00bb font_container=\u00a0\u00bbtag:h2|text_align:center\u00a0\u00bb google_fonts=\u00a0\u00bbfont_family:Montserrat%3Aregular%2C700|font_style:700%20bold%20regular%3A700%3Anormal\u00a0\u00bb css=\u00a0\u00bb.vc_custom_1536802281059{padding-bottom: 10px !important;}\u00a0\u00bb][vc_empty_space height=\u00a0\u00bb20px\u00a0\u00bb][wyde_image_gallery images=\u00a0\u00bb2238,1949,1947,2055,2118&Prime; image_size=\u00a0\u00bbfull\u00a0\u00bb gallery_type=\u00a0\u00bbslider\u00a0\u00bb visible_items=\u00a0\u00bb4&Prime; show_navigation=\u00a0\u00bbtrue\u00a0\u00bb auto_play=\u00a0\u00bb5&Prime; loop=\u00a0\u00bbtrue\u00a0\u00bb][\/vc_column][\/vc_row][vc_row][vc_column][vc_custom_heading text=\u00a0\u00bbNos clients\u00a0\u00bb font_container=\u00a0\u00bbtag:h2|text_align:center\u00a0\u00bb google_fonts=\u00a0\u00bbfont_family:Montserrat%3Aregular%2C700|font_style:700%20bold%20regular%3A700%3Anormal\u00a0\u00bb css=\u00a0\u00bb.vc_custom_1536853566157{padding-bottom: 10px !important;}\u00a0\u00bb][wyde_clients_carousel images=\u00a0\u00bb2121,2122,2123,2127,2221&Prime; image_size=\u00a0\u00bbmedium\u00a0\u00bb visible_items=\u00a0\u00bb5&Prime; show_navigation=\u00a0\u00bbtrue\u00a0\u00bb show_pagination=\u00a0\u00bbtrue\u00a0\u00bb auto_play=\u00a0\u00bb\u00a0\u00bb animation=\u00a0\u00bbfadeInUp\u00a0\u00bb][\/vc_column][\/vc_row]<\/p>\n","protected":false},"excerpt":{"rendered":"<p>[vc_row row_style=\u00a0\u00bbfull-width\u00a0\u00bb padding_size=\u00a0\u00bbno-padding\u00a0\u00bb content_width=\u00a0\u00bb\u00a0\u00bb][vc_column text_align=\u00a0\u00bbcenter\u00a0\u00bb][rev_slider_vc][vc_empty_space height=\u00a0\u00bb80px\u00a0\u00bb][vc_custom_heading text=\u00a0\u00bbNos services\u00a0\u00bb font_container=\u00a0\u00bbtag:h2|font_size:32px|text_align:center|color:%23333333|line_height:44px\u00a0\u00bb google_fonts=\u00a0\u00bbfont_family:Montserrat%3Aregular%2C700|font_style:700%20bold%20regular%3A700%3Anormal\u00a0\u00bb][wyde_icon_block icon=\u00a0\u00bbflora-icon-wave\u00a0\u00bb size=\u00a0\u00bblarge\u00a0\u00bb style=\u00a0\u00bbnone\u00a0\u00bb color=\u00a0\u00bb#7f6c4c\u00a0\u00bb][vc_empty_space height=\u00a0\u00bb80px\u00a0\u00bb][\/vc_column][\/vc_row][vc_row background_color=\u00a0\u00bb#f5f5f5&Prime; el_class=\u00a0\u00bbdivider-3-cols\u00a0\u00bb][vc_column width=\u00a0\u00bb1\/3&Prime;][vc_empty_space height=\u00a0\u00bb20px\u00a0\u00bb][wyde_info_box title=\u00a0\u00bbRestaurants \/ Bars\u00a0\u00bb icon_set=\u00a0\u00bbfontawesome\u00a0\u00bb icon_fontawesome=\u00a0\u00bbfa fa-cutlery\u00a0\u00bb icon_size=\u00a0\u00bblarge\u00a0\u00bb color=\u00a0\u00bb#000000&Prime; link=\u00a0\u00bb||\u00a0\u00bb css=\u00a0\u00bb.vc_custom_1537812315725{margin-right: 5% !important;margin-left: 5% !important;}\u00a0\u00bb]L\u00e0 o\u00f9 la concurrence est forte, le design d\u2019int\u00e9rieur est essentiel pour les restaurateurs, afin de distinguer leur restaurant et offrir une exp\u00e9rience [&hellip;]<\/p>\n","protected":false},"author":1,"featured_media":2275,"parent":0,"menu_order":0,"comment_status":"closed","ping_status":"closed","template":"","meta":[],"_links":{"self":[{"href":"https:\/\/www.jpvdesign.com\/index.php\/wp-json\/wp\/v2\/pages\/1880"}],"collection":[{"href":"https:\/\/www.jpvdesign.com\/index.php\/wp-json\/wp\/v2\/pages"}],"about":[{"href":"https:\/\/www.jpvdesign.com\/index.php\/wp-json\/wp\/v2\/types\/page"}],"author":[{"embeddable":true,"href":"https:\/\/www.jpvdesign.com\/index.php\/wp-json\/wp\/v2\/users\/1"}],"replies":[{"embeddable":true,"href":"https:\/\/www.jpvdesign.com\/index.php\/wp-json\/wp\/v2\/comments?post=1880"}],"version-history":[{"count":43,"href":"https:\/\/www.jpvdesign.com\/index.php\/wp-json\/wp\/v2\/pages\/1880\/revisions"}],"predecessor-version":[{"id":2419,"href":"https:\/\/www.jpvdesign.com\/index.php\/wp-json\/wp\/v2\/pages\/1880\/revisions\/2419"}],"wp:featuredmedia":[{"embeddable":true,"href":"https:\/\/www.jpvdesign.com\/index.php\/wp-json\/wp\/v2\/media\/2275"}],"wp:attachment":[{"href":"https:\/\/www.jpvdesign.com\/index.php\/wp-json\/wp\/v2\/media?parent=1880"}],"curies":[{"name":"wp","href":"https:\/\/api.w.org\/{rel}","templated":true}]}}